{"id":2,"date":"2018-10-14T16:03:25","date_gmt":"2018-10-14T14:03:25","guid":{"rendered":"http:\/\/directarchives.com\/?page_id=2"},"modified":"2022-12-15T12:36:02","modified_gmt":"2022-12-15T11:36:02","slug":"page-d-exemple","status":"publish","type":"page","link":"https:\/\/directarchives.com\/","title":{"rendered":"Bienvenue sur DIRECT&rsquo;ARCHIVES"},"content":{"rendered":"<p>Votre entreprise\/organisme souhaite optimiser sa gestion documentaire et ses archives&#8230;<br \/>\nVous souhaitez valoriser votre m\u00e9moire d&rsquo;entreprise&#8230;<\/p>\n<p>DIRECT&rsquo;ARCHIVES, soci\u00e9t\u00e9 d&rsquo;ing\u00e9nierie sp\u00e9cialis\u00e9e dans la prestation de services en gestion documentaire et archives, la recherche et la valorisation historique du patrimoine de l&rsquo;entreprise, se propose de vous accompagner dans vos projets.<\/p>\n<p>Nous intervenons sur site client, sans externalisation.<\/p>\n<p>Pour toute demande de renseignements, devis, rendez-vous&#8230; contactez-nous par mail : contact[at]directarchives.com ou au 06 45 39 50 85<\/p>\n","protected":false},"excerpt":{"rendered":"<p>Votre entreprise\/organisme souhaite optimiser sa gestion documentaire et ses archives&#8230; Vous souhaitez valoriser votre m\u00e9moire d&rsquo;entreprise&#8230; DIRECT&rsquo;ARCHIVES, soci\u00e9t\u00e9 d&rsquo;ing\u00e9nierie sp\u00e9cialis\u00e9e dans la prestation de services en gestion documentaire et archives, la recherche et la valorisation historique du patrimoine de l&rsquo;entreprise, se propose de vous accompagner dans vos projets. Nous intervenons sur site client, sans externalisation. &hellip; <a href=\"https:\/\/directarchives.com\/\" class=\"more-link\">Continuer la lecture<span class=\"screen-reader-text\"> de &laquo;&nbsp;Bienvenue sur DIRECT&rsquo;ARCHIVES&nbsp;&raquo;<\/span><\/a><\/p>\n","protected":false},"author":1,"featured_media":0,"parent":0,"menu_order":0,"comment_status":"closed","ping_status":"open","template":"","meta":{"footnotes":""},"class_list":["post-2","page","type-page","status-publish","hentry"],"_links":{"self":[{"href":"https:\/\/directarchives.com\/index.php\/wp-json\/wp\/v2\/pages\/2","targetHints":{"allow":["GET"]}}],"collection":[{"href":"https:\/\/directarchives.com\/index.php\/wp-json\/wp\/v2\/pages"}],"about":[{"href":"https:\/\/directarchives.com\/index.php\/wp-json\/wp\/v2\/types\/page"}],"author":[{"embeddable":true,"href":"https:\/\/directarchives.com\/index.php\/wp-json\/wp\/v2\/users\/1"}],"replies":[{"embeddable":true,"href":"https:\/\/directarchives.com\/index.php\/wp-json\/wp\/v2\/comments?post=2"}],"version-history":[{"count":6,"href":"https:\/\/directarchives.com\/index.php\/wp-json\/wp\/v2\/pages\/2\/revisions"}],"predecessor-version":[{"id":128,"href":"https:\/\/directarchives.com\/index.php\/wp-json\/wp\/v2\/pages\/2\/revisions\/128"}],"wp:attachment":[{"href":"https:\/\/directarchives.com\/index.php\/wp-json\/wp\/v2\/media?parent=2"}],"curies":[{"name":"wp","href":"https:\/\/api.w.org\/{rel}","templated":true}]}}